{"id":127,"date":"2025-05-14T14:13:10","date_gmt":"2025-05-14T12:13:10","guid":{"rendered":"https:\/\/www.theblankpage.fr\/?page_id=127"},"modified":"2025-05-23T14:49:17","modified_gmt":"2025-05-23T12:49:17","slug":"facility-management","status":"publish","type":"page","link":"https:\/\/www.theblankpage.fr\/index.php\/facility-management\/","title":{"rendered":"Facility Management"},"content":{"rendered":"\t\t<div data-elementor-type=\"wp-page\" data-elementor-id=\"127\" class=\"elementor elementor-127\">\n\t\t\t\t<div class=\"elementor-element elementor-element-465caad0 e-con-full e-flex e-con e-parent\" data-id=\"465caad0\" data-element_type=\"container\" data-e-type=\"container\" data-settings=\"{&quot;background_background&quot;:&quot;classic&quot;}\">\n\t\t\t\t<div class=\"elementor-element elementor-element-5604d87 elementor-widget__width-initial elementor-widget elementor-widget-heading\" data-id=\"5604d87\" data-element_type=\"widget\" data-e-type=\"widget\" data-widget_type=\"heading.default\">\n\t\t\t\t<div class=\"elementor-widget-container\">\n\t\t\t\t\t<h1 class=\"elementor-heading-title elementor-size-default\">Une vision clair, pour une pilotage ma\u00eetris\u00e9.<\/h1>\t\t\t\t<\/div>\n\t\t\t\t<\/div>\n\t\t\t\t<div class=\"elementor-element elementor-element-30ccef90 elementor-widget elementor-widget-text-editor\" data-id=\"30ccef90\" data-element_type=\"widget\" data-e-type=\"widget\" data-widget_type=\"text-editor.default\">\n\t\t\t\t<div class=\"elementor-widget-container\">\n\t\t\t\t\t\t\t\t\t<p class=\"\" data-start=\"2635\" data-end=\"2838\">Face \u00e0 la complexit\u00e9 croissante des environnements de travail et des attentes utilisateurs, j\u2019interviens pour vous <strong data-start=\"2750\" data-end=\"2837\">accompagner dans la structuration, le pilotage et l\u2019\u00e9volution de votre strat\u00e9gie FM<\/strong>.<\/p><p class=\"\" data-start=\"2840\" data-end=\"2918\"><strong data-start=\"2840\" data-end=\"2918\">Votre page blanche devient plan d\u2019action. Vos blocages deviennent leviers.<\/strong><\/p>\t\t\t\t\t\t\t\t<\/div>\n\t\t\t\t<\/div>\n\t\t\t\t<div class=\"elementor-element elementor-element-323250df elementor-mobile-align-center elementor-align-center elementor-widget elementor-widget-button\" data-id=\"323250df\" data-element_type=\"widget\" data-e-type=\"widget\" data-widget_type=\"button.default\">\n\t\t\t\t<div class=\"elementor-widget-container\">\n\t\t\t\t\t\t\t\t\t<div class=\"elementor-button-wrapper\">\n\t\t\t\t\t<a class=\"elementor-button elementor-button-link elementor-size-sm\" href=\"#\">\n\t\t\t\t\t\t<span class=\"elementor-button-content-wrapper\">\n\t\t\t\t\t\t\t\t\t<span class=\"elementor-button-text\">Nous contacter<\/span>\n\t\t\t\t\t<\/span>\n\t\t\t\t\t<\/a>\n\t\t\t\t<\/div>\n\t\t\t\t\t\t\t\t<\/div>\n\t\t\t\t<\/div>\n\t\t\t\t<\/div>\n\t\t<div class=\"elementor-element elementor-element-2e977226 e-con-full e-flex e-con e-parent\" data-id=\"2e977226\" data-element_type=\"container\" data-e-type=\"container\" data-settings=\"{&quot;background_background&quot;:&quot;classic&quot;}\">\n\t\t<div class=\"elementor-element elementor-element-3d2d34b0 e-con-full e-flex e-con e-child\" data-id=\"3d2d34b0\" data-element_type=\"container\" data-e-type=\"container\">\n\t\t\t\t<div class=\"elementor-element elementor-element-749f773e elementor-widget elementor-widget-heading\" data-id=\"749f773e\" data-element_type=\"widget\" data-e-type=\"widget\" data-widget_type=\"heading.default\">\n\t\t\t\t<div class=\"elementor-widget-container\">\n\t\t\t\t\t<h2 class=\"elementor-heading-title elementor-size-default\">Mes services<\/h2>\t\t\t\t<\/div>\n\t\t\t\t<\/div>\n\t\t\t\t<div class=\"elementor-element elementor-element-ae1435a elementor-widget elementor-widget-text-editor\" data-id=\"ae1435a\" data-element_type=\"widget\" data-e-type=\"widget\" data-widget_type=\"text-editor.default\">\n\t\t\t\t<div class=\"elementor-widget-container\">\n\t\t\t\t\t\t\t\t\t<p>La transition d\u2019entreprise, ainsi que la gestion des contrats de **facility management**, n\u00e9cessite des connaissances sp\u00e9cialis\u00e9es pour garantir une r\u00e9ussite durable. Nous vous proposons des services sur mesure pour accompagner cette phase cl\u00e9 de votre d\u00e9veloppement :<\/p><p>1. **Accompagnement au D\u00e9ploiement de Contrats de Facility Management** <span class=\"Apple-converted-space\">\u00a0<\/span><\/p><p><span class=\"Apple-converted-space\">\u00a0\u00a0 <\/span>&#8211; R\u00e9daction et n\u00e9gociation de contrats de facility management <span class=\"Apple-converted-space\">\u00a0<\/span><\/p><p><span class=\"Apple-converted-space\">\u00a0\u00a0 <\/span>&#8211; Gestion des processus op\u00e9rationnels pour une meilleure gestion des infrastructures <span class=\"Apple-converted-space\">\u00a0<\/span><\/p><p><span class=\"Apple-converted-space\">\u00a0\u00a0 <\/span>&#8211; Optimisation des co\u00fbts et des services<\/p><p>2. **Strat\u00e9gie de Transition** <span class=\"Apple-converted-space\">\u00a0<\/span><\/p><p><span class=\"Apple-converted-space\">\u00a0\u00a0 <\/span>&#8211; Gestion du changement et accompagnement dans la transformation d\u2019entreprise <span class=\"Apple-converted-space\">\u00a0<\/span><\/p><p><span class=\"Apple-converted-space\">\u00a0\u00a0 <\/span>&#8211; \u00c9laboration de plans de transition personnalis\u00e9s <span class=\"Apple-converted-space\">\u00a0<\/span><\/p><p><span class=\"Apple-converted-space\">\u00a0\u00a0 <\/span>&#8211; Formation et accompagnement des \u00e9quipes pour assurer une transition r\u00e9ussie<\/p><p>3. **Conseil en Gestion de Projet** <span class=\"Apple-converted-space\">\u00a0<\/span><\/p><p><span class=\"Apple-converted-space\">\u00a0\u00a0 <\/span>&#8211; Coordination et supervision de projets complexes li\u00e9s \u00e0 la gestion d\u2019infrastructures <span class=\"Apple-converted-space\">\u00a0<\/span><\/p><p><span class=\"Apple-converted-space\">\u00a0\u00a0 <\/span>&#8211; Optimisation des processus internes pour am\u00e9liorer la productivit\u00e9<\/p>\t\t\t\t\t\t\t\t<\/div>\n\t\t\t\t<\/div>\n\t\t\t\t<div class=\"elementor-element elementor-element-16746d8 elementor-widget elementor-widget-spacer\" data-id=\"16746d8\" data-element_type=\"widget\" data-e-type=\"widget\" data-widget_type=\"spacer.default\">\n\t\t\t\t<div class=\"elementor-widget-container\">\n\t\t\t\t\t\t\t<div class=\"elementor-spacer\">\n\t\t\t<div class=\"elementor-spacer-inner\"><\/div>\n\t\t<\/div>\n\t\t\t\t\t\t<\/div>\n\t\t\t\t<\/div>\n\t\t\t\t<\/div>\n\t\t\t\t<\/div>\n\t\t<div class=\"elementor-element elementor-element-a506c93 e-flex e-con-boxed e-con e-parent\" data-id=\"a506c93\" data-element_type=\"container\" data-e-type=\"container\">\n\t\t\t\t\t<div class=\"e-con-inner\">\n\t\t<div class=\"elementor-element elementor-element-6484614 e-con-full e-flex e-con e-child\" data-id=\"6484614\" data-element_type=\"container\" data-e-type=\"container\">\n\t\t\t\t<div class=\"elementor-element elementor-element-ed84478 elementor-widget elementor-widget-text-editor\" data-id=\"ed84478\" data-element_type=\"widget\" data-e-type=\"widget\" data-widget_type=\"text-editor.default\">\n\t\t\t\t<div class=\"elementor-widget-container\">\n\t\t\t\t\t\t\t\t\t<p class=\"\" data-start=\"2960\" data-end=\"3013\">\ud83d\udd0d <strong data-start=\"2963\" data-end=\"3011\">D\u00e9finition de la strat\u00e9gie organisationnelle<\/strong><\/p><blockquote data-start=\"3014\" data-end=\"3072\"><p class=\"\" data-start=\"3016\" data-end=\"3072\">Audit, recommandations, feuille de route op\u00e9rationnelle.<\/p><\/blockquote>\t\t\t\t\t\t\t\t<\/div>\n\t\t\t\t<\/div>\n\t\t\t\t<\/div>\n\t\t<div class=\"elementor-element elementor-element-f915ba9 e-con-full e-flex e-con e-child\" data-id=\"f915ba9\" data-element_type=\"container\" data-e-type=\"container\">\n\t\t\t\t<div class=\"elementor-element elementor-element-629990b elementor-widget elementor-widget-text-editor\" data-id=\"629990b\" data-element_type=\"widget\" data-e-type=\"widget\" data-widget_type=\"text-editor.default\">\n\t\t\t\t<div class=\"elementor-widget-container\">\n\t\t\t\t\t\t\t\t\t<p class=\"\" data-start=\"3016\" data-end=\"3072\"><span style=\"font-size: 18px;\">\ud83d\udcd1 <\/span><strong style=\"font-size: 18px;\" data-start=\"3077\" data-end=\"3141\">Pilotage d\u2019appels d\u2019offres (multi-technique &amp; multiservices)<\/strong><\/p><blockquote data-start=\"3144\" data-end=\"3202\"><p class=\"\" data-start=\"3146\" data-end=\"3202\">R\u00e9daction, analyse, coordination, mise en \u0153uvre terrain.<\/p><\/blockquote>\t\t\t\t\t\t\t\t<\/div>\n\t\t\t\t<\/div>\n\t\t\t\t<\/div>\n\t\t<div class=\"elementor-element elementor-element-af307ce e-con-full e-flex e-con e-child\" data-id=\"af307ce\" data-element_type=\"container\" data-e-type=\"container\">\n\t\t\t\t<div class=\"elementor-element elementor-element-0bb943f elementor-widget elementor-widget-text-editor\" data-id=\"0bb943f\" data-element_type=\"widget\" data-e-type=\"widget\" data-widget_type=\"text-editor.default\">\n\t\t\t\t<div class=\"elementor-widget-container\">\n\t\t\t\t\t\t\t\t\t<p class=\"\" data-start=\"3146\" data-end=\"3202\"><span style=\"font-size: 18px;\">\ud83d\ude80 <\/span><strong style=\"font-size: 18px;\" data-start=\"3207\" data-end=\"3242\">D\u00e9ploiement de nouveaux march\u00e9s<\/strong><\/p><blockquote data-start=\"3245\" data-end=\"3320\"><p class=\"\" data-start=\"3247\" data-end=\"3320\">Gestion de transition, structuration de mod\u00e8les, int\u00e9gration des \u00e9quipes.<\/p><\/blockquote>\t\t\t\t\t\t\t\t<\/div>\n\t\t\t\t<\/div>\n\t\t\t\t<\/div>\n\t\t<div class=\"elementor-element elementor-element-0925016 e-con-full e-flex e-con e-child\" data-id=\"0925016\" data-element_type=\"container\" data-e-type=\"container\">\n\t\t\t\t<div class=\"elementor-element elementor-element-a59ede9 elementor-widget elementor-widget-text-editor\" data-id=\"a59ede9\" data-element_type=\"widget\" data-e-type=\"widget\" data-widget_type=\"text-editor.default\">\n\t\t\t\t<div class=\"elementor-widget-container\">\n\t\t\t\t\t\t\t\t\t<p class=\"\" data-start=\"3322\" data-end=\"3378\">\ud83d\udcc8 <strong data-start=\"3325\" data-end=\"3376\">Optimisation des processus et de la performance<\/strong><\/p><blockquote data-start=\"3379\" data-end=\"3445\"><p class=\"\" data-start=\"3381\" data-end=\"3445\">Indicateurs cl\u00e9s, outils de pilotage, m\u00e9thodologie Lean adapt\u00e9e.<\/p><\/blockquote>\t\t\t\t\t\t\t\t<\/div>\n\t\t\t\t<\/div>\n\t\t\t\t<\/div>\n\t\t<div class=\"elementor-element elementor-element-5dadacf e-con-full e-flex e-con e-child\" data-id=\"5dadacf\" data-element_type=\"container\" data-e-type=\"container\">\n\t\t\t\t<div class=\"elementor-element elementor-element-311c924 elementor-widget elementor-widget-text-editor\" data-id=\"311c924\" data-element_type=\"widget\" data-e-type=\"widget\" data-widget_type=\"text-editor.default\">\n\t\t\t\t<div class=\"elementor-widget-container\">\n\t\t\t\t\t\t\t\t\t<p class=\"\" data-start=\"3381\" data-end=\"3445\"><span style=\"font-size: 18px;\">\u2699\ufe0f <\/span><strong style=\"font-size: 18px;\" data-start=\"3450\" data-end=\"3490\">Impl\u00e9mentation d\u2019un management agile<\/strong><\/p><blockquote data-start=\"3493\" data-end=\"3552\"><p class=\"\" data-start=\"3495\" data-end=\"3552\">Dynamique collaborative, autonomie et responsabilisation.<\/p><\/blockquote>\t\t\t\t\t\t\t\t<\/div>\n\t\t\t\t<\/div>\n\t\t\t\t<\/div>\n\t\t<div class=\"elementor-element elementor-element-bbe0d99 e-con-full e-flex e-con e-child\" data-id=\"bbe0d99\" data-element_type=\"container\" data-e-type=\"container\">\n\t\t\t\t<div class=\"elementor-element elementor-element-f5fd229 elementor-widget elementor-widget-text-editor\" data-id=\"f5fd229\" data-element_type=\"widget\" data-e-type=\"widget\" data-widget_type=\"text-editor.default\">\n\t\t\t\t<div class=\"elementor-widget-container\">\n\t\t\t\t\t\t\t\t\t<p class=\"\" data-start=\"3598\" data-end=\"3664\"><span style=\"font-size: 18px;\">\ud83d\udd04 <\/span><strong style=\"font-size: 18px;\" data-start=\"3669\" data-end=\"3724\">R\u00e9organisation &amp; int\u00e9gration de nouvelles solutions<\/strong><\/p><blockquote data-start=\"3727\" data-end=\"3779\"><p class=\"\" data-start=\"3729\" data-end=\"3779\">Digitalisation, mobilier, pratiques durables, HSE.<\/p><\/blockquote>\t\t\t\t\t\t\t\t<\/div>\n\t\t\t\t<\/div>\n\t\t\t\t<\/div>\n\t\t\t\t\t<\/div>\n\t\t\t\t<\/div>\n\t\t<div class=\"elementor-element elementor-element-1e38090 e-flex e-con-boxed e-con e-parent\" data-id=\"1e38090\" data-element_type=\"container\" data-e-type=\"container\">\n\t\t\t\t\t<div class=\"e-con-inner\">\n\t\t\t\t<div class=\"elementor-element elementor-element-d52467c elementor-widget elementor-widget-spacer\" data-id=\"d52467c\" data-element_type=\"widget\" data-e-type=\"widget\" data-widget_type=\"spacer.default\">\n\t\t\t\t<div class=\"elementor-widget-container\">\n\t\t\t\t\t\t\t<div class=\"elementor-spacer\">\n\t\t\t<div class=\"elementor-spacer-inner\"><\/div>\n\t\t<\/div>\n\t\t\t\t\t\t<\/div>\n\t\t\t\t<\/div>\n\t\t\t\t<div class=\"elementor-element elementor-element-7d70906f elementor-widget elementor-widget-heading\" data-id=\"7d70906f\" data-element_type=\"widget\" data-e-type=\"widget\" data-widget_type=\"heading.default\">\n\t\t\t\t<div class=\"elementor-widget-container\">\n\t\t\t\t\t<h2 class=\"elementor-heading-title elementor-size-default\">Exemple de projets r\u00e9alis\u00e9s<\/h2>\t\t\t\t<\/div>\n\t\t\t\t<\/div>\n\t\t\t\t\t<\/div>\n\t\t\t\t<\/div>\n\t\t<div class=\"elementor-element elementor-element-363cf23d e-con-full e-flex e-con e-parent\" data-id=\"363cf23d\" data-element_type=\"container\" data-e-type=\"container\" data-settings=\"{&quot;background_background&quot;:&quot;classic&quot;}\">\n\t\t<div class=\"elementor-element elementor-element-7d45dbe2 e-con-full e-flex e-con e-child\" data-id=\"7d45dbe2\" data-element_type=\"container\" data-e-type=\"container\">\n\t\t\t\t<div class=\"elementor-element elementor-element-1ab5a73a elementor-widget elementor-widget-heading\" data-id=\"1ab5a73a\" data-element_type=\"widget\" data-e-type=\"widget\" data-widget_type=\"heading.default\">\n\t\t\t\t<div class=\"elementor-widget-container\">\n\t\t\t\t\t<h2 class=\"elementor-heading-title elementor-size-default\">Service 1<\/h2>\t\t\t\t<\/div>\n\t\t\t\t<\/div>\n\t\t\t\t<div class=\"elementor-element elementor-element-6332e6d8 elementor-widget elementor-widget-text-editor\" data-id=\"6332e6d8\" data-element_type=\"widget\" data-e-type=\"widget\" data-widget_type=\"text-editor.default\">\n\t\t\t\t<div class=\"elementor-widget-container\">\n\t\t\t\t\t\t\t\t\t<p>A short paragraph describing exactly what this service offers and how it helps clients. This is your chance to convince the visitor that your business is the right choice for them.<\/p>\t\t\t\t\t\t\t\t<\/div>\n\t\t\t\t<\/div>\n\t\t\t\t<\/div>\n\t\t<div class=\"elementor-element elementor-element-68df5106 e-con-full e-flex e-con e-child\" data-id=\"68df5106\" data-element_type=\"container\" data-e-type=\"container\">\n\t\t\t\t<div class=\"elementor-element elementor-element-3de10b29 elementor-widget elementor-widget-image\" data-id=\"3de10b29\" data-element_type=\"widget\" data-e-type=\"widget\" data-widget_type=\"image.default\">\n\t\t\t\t<div class=\"elementor-widget-container\">\n\t\t\t\t\t\t\t\t\t\t\t\t\t\t\t<img fetchpriority=\"high\" decoding=\"async\" width=\"853\" height=\"430\" src=\"https:\/\/www.theblankpage.fr\/wp-content\/uploads\/2025\/05\/Image-Contact-1.jpg\" class=\"attachment-large size-large wp-image-115\" alt=\"\" srcset=\"https:\/\/www.theblankpage.fr\/wp-content\/uploads\/2025\/05\/Image-Contact-1.jpg 853w, https:\/\/www.theblankpage.fr\/wp-content\/uploads\/2025\/05\/Image-Contact-1-300x151.jpg 300w, https:\/\/www.theblankpage.fr\/wp-content\/uploads\/2025\/05\/Image-Contact-1-768x387.jpg 768w\" sizes=\"(max-width: 853px) 100vw, 853px\" \/>\t\t\t\t\t\t\t\t\t\t\t\t\t\t\t<\/div>\n\t\t\t\t<\/div>\n\t\t\t\t<\/div>\n\t\t\t\t<\/div>\n\t\t<div class=\"elementor-element elementor-element-1758d6ce e-con-full e-flex e-con e-parent\" data-id=\"1758d6ce\" data-element_type=\"container\" data-e-type=\"container\" data-settings=\"{&quot;background_background&quot;:&quot;classic&quot;}\">\n\t\t<div class=\"elementor-element elementor-element-43ddf46f e-con-full e-flex e-con e-child\" data-id=\"43ddf46f\" data-element_type=\"container\" data-e-type=\"container\">\n\t\t\t\t<div class=\"elementor-element elementor-element-4c84bd81 elementor-widget elementor-widget-heading\" data-id=\"4c84bd81\" data-element_type=\"widget\" data-e-type=\"widget\" data-widget_type=\"heading.default\">\n\t\t\t\t<div class=\"elementor-widget-container\">\n\t\t\t\t\t<h2 class=\"elementor-heading-title elementor-size-default\">Service 2<\/h2>\t\t\t\t<\/div>\n\t\t\t\t<\/div>\n\t\t\t\t<div class=\"elementor-element elementor-element-f3bbb47 elementor-widget elementor-widget-text-editor\" data-id=\"f3bbb47\" data-element_type=\"widget\" data-e-type=\"widget\" data-widget_type=\"text-editor.default\">\n\t\t\t\t<div class=\"elementor-widget-container\">\n\t\t\t\t\t\t\t\t\t<p>A short paragraph describing exactly what this service offers and how it helps clients. This is your chance to convince the visitor that your business is the right choice for them.<\/p>\t\t\t\t\t\t\t\t<\/div>\n\t\t\t\t<\/div>\n\t\t\t\t<\/div>\n\t\t<div class=\"elementor-element elementor-element-73b54f38 e-con-full e-flex e-con e-child\" data-id=\"73b54f38\" data-element_type=\"container\" data-e-type=\"container\">\n\t\t\t\t<div class=\"elementor-element elementor-element-5cd883e8 elementor-widget elementor-widget-image\" data-id=\"5cd883e8\" data-element_type=\"widget\" data-e-type=\"widget\" data-widget_type=\"image.default\">\n\t\t\t\t<div class=\"elementor-widget-container\">\n\t\t\t\t\t\t\t\t\t\t\t\t\t\t\t<img fetchpriority=\"high\" decoding=\"async\" width=\"853\" height=\"430\" src=\"https:\/\/www.theblankpage.fr\/wp-content\/uploads\/2025\/05\/Image-Contact-1.jpg\" class=\"attachment-large size-large wp-image-115\" alt=\"\" srcset=\"https:\/\/www.theblankpage.fr\/wp-content\/uploads\/2025\/05\/Image-Contact-1.jpg 853w, https:\/\/www.theblankpage.fr\/wp-content\/uploads\/2025\/05\/Image-Contact-1-300x151.jpg 300w, https:\/\/www.theblankpage.fr\/wp-content\/uploads\/2025\/05\/Image-Contact-1-768x387.jpg 768w\" sizes=\"(max-width: 853px) 100vw, 853px\" \/>\t\t\t\t\t\t\t\t\t\t\t\t\t\t\t<\/div>\n\t\t\t\t<\/div>\n\t\t\t\t<\/div>\n\t\t\t\t<\/div>\n\t\t<div class=\"elementor-element elementor-element-78cc7dbe e-con-full e-flex e-con e-parent\" data-id=\"78cc7dbe\" data-element_type=\"container\" data-e-type=\"container\" data-settings=\"{&quot;background_background&quot;:&quot;classic&quot;}\">\n\t\t<div class=\"elementor-element elementor-element-1802cb48 e-con-full e-flex e-con e-child\" data-id=\"1802cb48\" data-element_type=\"container\" data-e-type=\"container\">\n\t\t\t\t<div class=\"elementor-element elementor-element-429b9b46 elementor-widget elementor-widget-heading\" data-id=\"429b9b46\" data-element_type=\"widget\" data-e-type=\"widget\" data-widget_type=\"heading.default\">\n\t\t\t\t<div class=\"elementor-widget-container\">\n\t\t\t\t\t<h2 class=\"elementor-heading-title elementor-size-default\">Service 3<\/h2>\t\t\t\t<\/div>\n\t\t\t\t<\/div>\n\t\t\t\t<div class=\"elementor-element elementor-element-72313a07 elementor-widget elementor-widget-text-editor\" data-id=\"72313a07\" data-element_type=\"widget\" data-e-type=\"widget\" data-widget_type=\"text-editor.default\">\n\t\t\t\t<div class=\"elementor-widget-container\">\n\t\t\t\t\t\t\t\t\t<p>A short paragraph describing exactly what this service offers and how it helps clients. This is your chance to convince the visitor that your business is the right choice for them.<\/p>\t\t\t\t\t\t\t\t<\/div>\n\t\t\t\t<\/div>\n\t\t\t\t<\/div>\n\t\t<div class=\"elementor-element elementor-element-43d1d3a8 e-con-full e-flex e-con e-child\" data-id=\"43d1d3a8\" data-element_type=\"container\" data-e-type=\"container\">\n\t\t\t\t<div class=\"elementor-element elementor-element-5f63f412 elementor-widget elementor-widget-image\" data-id=\"5f63f412\" data-element_type=\"widget\" data-e-type=\"widget\" data-widget_type=\"image.default\">\n\t\t\t\t<div class=\"elementor-widget-container\">\n\t\t\t\t\t\t\t\t\t\t\t\t\t\t\t<img fetchpriority=\"high\" decoding=\"async\" width=\"853\" height=\"430\" src=\"https:\/\/www.theblankpage.fr\/wp-content\/uploads\/2025\/05\/Image-Contact-1.jpg\" class=\"attachment-large size-large wp-image-115\" alt=\"\" srcset=\"https:\/\/www.theblankpage.fr\/wp-content\/uploads\/2025\/05\/Image-Contact-1.jpg 853w, https:\/\/www.theblankpage.fr\/wp-content\/uploads\/2025\/05\/Image-Contact-1-300x151.jpg 300w, https:\/\/www.theblankpage.fr\/wp-content\/uploads\/2025\/05\/Image-Contact-1-768x387.jpg 768w\" sizes=\"(max-width: 853px) 100vw, 853px\" \/>\t\t\t\t\t\t\t\t\t\t\t\t\t\t\t<\/div>\n\t\t\t\t<\/div>\n\t\t\t\t<\/div>\n\t\t\t\t<\/div>\n\t\t<div class=\"elementor-element elementor-element-1bff63b e-flex e-con-boxed e-con e-parent\" data-id=\"1bff63b\" data-element_type=\"container\" data-e-type=\"container\">\n\t\t\t\t\t<div class=\"e-con-inner\">\n\t\t\t\t<div class=\"elementor-element elementor-element-b54de03 elementor-widget elementor-widget-spacer\" data-id=\"b54de03\" data-element_type=\"widget\" data-e-type=\"widget\" data-widget_type=\"spacer.default\">\n\t\t\t\t<div class=\"elementor-widget-container\">\n\t\t\t\t\t\t\t<div class=\"elementor-spacer\">\n\t\t\t<div class=\"elementor-spacer-inner\"><\/div>\n\t\t<\/div>\n\t\t\t\t\t\t<\/div>\n\t\t\t\t<\/div>\n\t\t\t\t\t<\/div>\n\t\t\t\t<\/div>\n\t\t<div class=\"elementor-element elementor-element-f3096c2 e-con-full e-flex e-con e-parent\" data-id=\"f3096c2\" data-element_type=\"container\" data-e-type=\"container\" data-settings=\"{&quot;background_background&quot;:&quot;classic&quot;}\">\n\t\t\t\t<div class=\"elementor-element elementor-element-26893394 elementor-widget elementor-widget-heading\" data-id=\"26893394\" data-element_type=\"widget\" data-e-type=\"widget\" data-widget_type=\"heading.default\">\n\t\t\t\t<div class=\"elementor-widget-container\">\n\t\t\t\t\t<p class=\"elementor-heading-title elementor-size-default\">\u00a9 All Rights Reserved.<\/p>\t\t\t\t<\/div>\n\t\t\t\t<\/div>\n\t\t\t\t<\/div>\n\t\t\t\t<\/div>\n\t\t","protected":false},"excerpt":{"rendered":"<p>Une vision clair, pour une pilotage ma\u00eetris\u00e9. Face \u00e0 la complexit\u00e9 croissante des environnements de travail et des attentes utilisateurs, [&hellip;]<\/p>\n","protected":false},"author":1,"featured_media":0,"parent":0,"menu_order":0,"comment_status":"closed","ping_status":"closed","template":"","meta":{"site-sidebar-layout":"default","site-content-layout":"","ast-site-content-layout":"default","site-content-style":"default","site-sidebar-style":"default","ast-global-header-display":"","ast-banner-title-visibility":"","ast-main-header-display":"","ast-hfb-above-header-display":"","ast-hfb-below-header-display":"","ast-hfb-mobile-header-display":"","site-post-title":"","ast-breadcrumbs-content":"","ast-featured-img":"","footer-sml-layout":"","ast-disable-related-posts":"","theme-transparent-header-meta":"","adv-header-id-meta":"","stick-header-meta":"","header-above-stick-meta":"","header-main-stick-meta":"","header-below-stick-meta":"","astra-migrate-meta-layouts":"default","ast-page-background-enabled":"default","ast-page-background-meta":{"desktop":{"background-color":"var(--ast-global-color-5)","background-image":"","background-repeat":"repeat","background-position":"center center","background-size":"auto","background-attachment":"scroll","background-type":"","background-media":"","overlay-type":"","overlay-color":"","overlay-opacity":"","overlay-gradient":""},"tablet":{"background-color":"","background-image":"","background-repeat":"repeat","background-position":"center center","background-size":"auto","background-attachment":"scroll","background-type":"","background-media":"","overlay-type":"","overlay-color":"","overlay-opacity":"","overlay-gradient":""},"mobile":{"background-color":"","background-image":"","background-repeat":"repeat","background-position":"center center","background-size":"auto","background-attachment":"scroll","background-type":"","background-media":"","overlay-type":"","overlay-color":"","overlay-opacity":"","overlay-gradient":""}},"ast-content-background-meta":{"desktop":{"background-color":"var(--ast-global-color-4)","background-image":"","background-repeat":"repeat","background-position":"center center","background-size":"auto","background-attachment":"scroll","background-type":"","background-media":"","overlay-type":"","overlay-color":"","overlay-opacity":"","overlay-gradient":""},"tablet":{"background-color":"var(--ast-global-color-4)","background-image":"","background-repeat":"repeat","background-position":"center center","background-size":"auto","background-attachment":"scroll","background-type":"","background-media":"","overlay-type":"","overlay-color":"","overlay-opacity":"","overlay-gradient":""},"mobile":{"background-color":"var(--ast-global-color-4)","background-image":"","background-repeat":"repeat","background-position":"center center","background-size":"auto","background-attachment":"scroll","background-type":"","background-media":"","overlay-type":"","overlay-color":"","overlay-opacity":"","overlay-gradient":""}},"footnotes":""},"class_list":["post-127","page","type-page","status-publish","hentry"],"_links":{"self":[{"href":"https:\/\/www.theblankpage.fr\/index.php\/wp-json\/wp\/v2\/pages\/127","targetHints":{"allow":["GET"]}}],"collection":[{"href":"https:\/\/www.theblankpage.fr\/index.php\/wp-json\/wp\/v2\/pages"}],"about":[{"href":"https:\/\/www.theblankpage.fr\/index.php\/wp-json\/wp\/v2\/types\/page"}],"author":[{"embeddable":true,"href":"https:\/\/www.theblankpage.fr\/index.php\/wp-json\/wp\/v2\/users\/1"}],"replies":[{"embeddable":true,"href":"https:\/\/www.theblankpage.fr\/index.php\/wp-json\/wp\/v2\/comments?post=127"}],"version-history":[{"count":25,"href":"https:\/\/www.theblankpage.fr\/index.php\/wp-json\/wp\/v2\/pages\/127\/revisions"}],"predecessor-version":[{"id":410,"href":"https:\/\/www.theblankpage.fr\/index.php\/wp-json\/wp\/v2\/pages\/127\/revisions\/410"}],"wp:attachment":[{"href":"https:\/\/www.theblankpage.fr\/index.php\/wp-json\/wp\/v2\/media?parent=127"}],"curies":[{"name":"wp","href":"https:\/\/api.w.org\/{rel}","templated":true}]}}